{"id":1198,"date":"2024-10-14T15:53:23","date_gmt":"2024-10-14T13:53:23","guid":{"rendered":"https:\/\/atlasgroupgmbh.de\/product\/gebrauchte-produktionslinien-und-fabriken\/"},"modified":"2024-10-23T16:19:57","modified_gmt":"2024-10-23T14:19:57","slug":"gebrauchte-produktionslinien-und-fabriken","status":"publish","type":"product","link":"https:\/\/atlasgroupgmbh.de\/de\/produkt\/gebrauchte-produktionslinien-und-fabriken\/","title":{"rendered":"Gebrauchte Produktionslinien und Fabriken"},"content":{"rendered":"<p><strong>\u00a0<\/strong><\/p>\n<p>Wir bieten wir hochwertige gebrauchte Produktionslinien und Ausr\u00fcstungen f\u00fcr die Petrochemie, \u00d6l-, Gas- und Stahlindustrie an. Unser umfangreiches Inventar umfasst Ger\u00e4te, die gr\u00fcndlich \u00fcberpr\u00fcft, refurbished und getestet wurden, um optimale Leistung und Zuverl\u00e4ssigkeit zu gew\u00e4hrleisten.<\/p>\n<p>Wesentliche Merkmale:<\/p>\n<ul>\n<li>Kosteneffektive L\u00f6sungen: Unsere gebrauchte Maschinen bieten eine wirtschaftliche Alternative zu neuen Ger\u00e4ten und erm\u00f6glichen es Unternehmen, bei Investitionen zu sparen und gleichzeitig effiziente Produktionsprozesse in der Petrochemie, \u00d6l-, Gas- und Stahlindustrie zu erreichen.<\/li>\n<li>Vielf\u00e4ltige Auswahl an Ger\u00e4ten: Wir sind auf verschiedene Produktionslinien spezialisiert, darunter Ausr\u00fcstung zur Verarbeitung von petrochemischen Materialien, zur Gewinnung und Raffinierung von \u00d6l und Gas sowie zur Stahlproduktion. Jede Produktionslinie ist darauf ausgelegt, die Produktivit\u00e4t zu steigern und die Abl\u00e4ufe zu optimieren.<\/li>\n<li>Professionelle Renovierung: Alle Ger\u00e4te durchlaufen einen rigorosen Renovierungsprozess, um sicherzustellen, dass sie den Industriestandards entsprechen und wie neu funktionieren. Unsere erfahrenen Techniker bewerten jedes Ger\u00e4t, um dessen Leistung und Sicherheit zu gew\u00e4hrleisten.<\/li>\n<li>Ma\u00dfgeschneiderte L\u00f6sungen: Wir verstehen, dass jedes Unternehmen einzigartige Bed\u00fcrfnisse hat. Unser Team ist bestrebt, Ihnen bei der Suche nach der richtigen Produktionslinie zu helfen, die Ihren spezifischen Anforderungen entspricht, und sicherzustellen, dass sie nahtlos in Ihre bestehenden Abl\u00e4ufe integriert wird.<\/li>\n<li>Umfassende Unterst\u00fctzung: Neben der Bereitstellung hochwertiger Ausr\u00fcstung bieten wir laufende Unterst\u00fctzung und Wartungsdienste an, um sicherzustellen, dass Ihre Produktionslinie \u00fcber Jahre hinweg reibungslos und effizient l\u00e4uft.<\/li>\n<\/ul>\n<p>Verbessern Sie Ihre Produktionskapazit\u00e4ten mit unseren zuverl\u00e4ssigen und kosteng\u00fcnstigen gebrauchten Produktionslinien und Ausr\u00fcstungen in der Petrochemie, \u00d6l-, Gas- und Stahlindustrie.<\/p>\n<p><strong>\u00a0<\/strong><\/p>\n","protected":false},"excerpt":{"rendered":"<p>\u00a0 Wir bieten wir hochwertige gebrauchte Produktionslinien und Ausr\u00fcstungen f\u00fcr die Petrochemie, \u00d6l-, Gas- und Stahlindustrie an. Unser umfangreiches Inventar umfasst Ger\u00e4te, die gr\u00fcndlich \u00fcberpr\u00fcft, refurbished und getestet wurden, um optimale Leistung und Zuverl\u00e4ssigkeit zu gew\u00e4hrleisten. Wesentliche Merkmale: Kosteneffektive L\u00f6sungen: Unsere gebrauchte Maschinen bieten eine wirtschaftliche Alternative zu neuen Ger\u00e4ten und erm\u00f6glichen es Unternehmen, bei [&hellip;]<\/p>\n","protected":false},"featured_media":1266,"comment_status":"open","ping_status":"closed","template":"","meta":[],"product_cat":[36],"product_tag":[],"class_list":{"0":"post-1198","1":"product","2":"type-product","3":"status-publish","4":"has-post-thumbnail","6":"product_cat-uncategorized-de","8":"first","9":"instock","10":"shipping-taxable","11":"product-type-simple"},"_links":{"self":[{"href":"https:\/\/atlasgroupgmbh.de\/de\/wp-json\/wp\/v2\/product\/1198","targetHints":{"allow":["GET"]}}],"collection":[{"href":"https:\/\/atlasgroupgmbh.de\/de\/wp-json\/wp\/v2\/product"}],"about":[{"href":"https:\/\/atlasgroupgmbh.de\/de\/wp-json\/wp\/v2\/types\/product"}],"replies":[{"embeddable":true,"href":"https:\/\/atlasgroupgmbh.de\/de\/wp-json\/wp\/v2\/comments?post=1198"}],"wp:featuredmedia":[{"embeddable":true,"href":"https:\/\/atlasgroupgmbh.de\/de\/wp-json\/wp\/v2\/media\/1266"}],"wp:attachment":[{"href":"https:\/\/atlasgroupgmbh.de\/de\/wp-json\/wp\/v2\/media?parent=1198"}],"wp:term":[{"taxonomy":"product_cat","embeddable":true,"href":"https:\/\/atlasgroupgmbh.de\/de\/wp-json\/wp\/v2\/product_cat?post=1198"},{"taxonomy":"product_tag","embeddable":true,"href":"https:\/\/atlasgroupgmbh.de\/de\/wp-json\/wp\/v2\/product_tag?post=1198"}],"curies":[{"name":"wp","href":"https:\/\/api.w.org\/{rel}","templated":true}]}}